{"id":1041,"date":"2024-11-21T16:45:36","date_gmt":"2024-11-21T19:45:36","guid":{"rendered":"http:\/\/167.172.144.200\/?page_id=1041"},"modified":"2024-11-22T11:10:39","modified_gmt":"2024-11-22T14:10:39","slug":"politicas","status":"publish","type":"page","link":"https:\/\/painelesg.rdsaude.com.br\/en\/politicas\/","title":{"rendered":"Policies"},"content":{"rendered":"\n<p>We base our relationships with all stakeholders on compliance with the norms and legislation applicable to our sector, always working ethically and transparently. Explore the policies that reinforce our commitment to sustainable development, ensuring that our business increasingly generates shared value for society.<br><br>Learn about our <a href=\"http:\/\/167.172.144.200\/en\/politicas\/sustentabilidade-e-diversidade\/\" data-type=\"link\" data-id=\"http:\/\/167.172.144.200\/en\/politicas\/sustentabilidade-e-diversidade\/\">Sustainability and Diversity<\/a>, <a href=\"http:\/\/167.172.144.200\/en\/politicas\/fornecedores\/\" data-type=\"page\" data-id=\"1048\">Suppliers<\/a>, <a href=\"http:\/\/167.172.144.200\/en\/politicas\/etica-e-conduta\/\" data-type=\"page\" data-id=\"1050\">Ethics and Conduct<\/a>, and <a href=\"http:\/\/167.172.144.200\/en\/politicas\/regimentos-internos\/\" data-type=\"page\" data-id=\"1052\">Internal Regulations<\/a> policies.<\/p>\n","protected":false},"excerpt":{"rendered":"<p>We base our relationships with all stakeholders on compliance with the norms and legislation applicable to our sector, always working ethically and transparently. Explore the policies that reinforce our commitment to sustainable development, ensuring that our business increasingly generates shared value for society. Learn about our Sustainability and Diversity, Suppliers, Ethics and Conduct, and Internal [&hellip;]<\/p>\n","protected":false},"author":1,"featured_media":0,"parent":0,"menu_order":0,"comment_status":"closed","ping_status":"closed","template":"","meta":{"footnotes":""},"class_list":["post-1041","page","type-page","status-publish","hentry"],"acf":[],"yoast_head":"<!-- This site is optimized with the Yoast SEO plugin v24.1 - https:\/\/yoast.com\/wordpress\/plugins\/seo\/ -->\n<title>Policies - Painel ESG da RD Sa\u00fade<\/title>\n<meta name=\"robots\" content=\"index, follow, max-snippet:-1, max-image-preview:large, max-video-preview:-1\" \/>\n<link rel=\"canonical\" href=\"https:\/\/painelesg.rdsaude.com.br\/en\/politicas\/\" \/>\n<meta property=\"og:locale\" content=\"en_US\" \/>\n<meta property=\"og:locale:alternate\" content=\"pt_BR\" \/>\n<meta property=\"og:type\" content=\"article\" \/>\n<meta property=\"og:title\" content=\"Policies\" \/>\n<meta property=\"og:description\" content=\"We base our relationships with all stakeholders on compliance with the norms and legislation applicable to our sector, always working ethically and transparently. Explore the policies that reinforce our commitment to sustainable development, ensuring that our business increasingly generates shared value for society. Learn about our Sustainability and Diversity, Suppliers, Ethics and Conduct, and Internal [&hellip;]\" \/>\n<meta property=\"og:url\" content=\"https:\/\/painelesg.rdsaude.com.br\/en\/politicas\/\" \/>\n<meta property=\"og:site_name\" content=\"Painel ESG da RD Sa\u00fade\" \/>\n<meta property=\"article:modified_time\" content=\"2024-11-22T14:10:39+00:00\" \/>\n<meta property=\"og:image\" content=\"https:\/\/painelesg.rdsaude.com.br\/wp-content\/uploads\/2024\/12\/banner-sasb1.jpg\" \/>\n\t<meta property=\"og:image:width\" content=\"1200\" \/>\n\t<meta property=\"og:image:height\" content=\"800\" \/>\n\t<meta property=\"og:image:type\" content=\"image\/jpeg\" \/>\n<meta name=\"twitter:card\" content=\"summary_large_image\" \/>\n<meta name=\"twitter:label1\" content=\"Est. reading time\" \/>\n\t<meta name=\"twitter:data1\" content=\"1 minute\" \/>\n<script type=\"application\/ld+json\" class=\"yoast-schema-graph\">{\"@context\":\"https:\/\/schema.org\",\"@graph\":[{\"@type\":\"WebPage\",\"@id\":\"https:\/\/painelesg.rdsaude.com.br\/politicas\/\",\"url\":\"https:\/\/painelesg.rdsaude.com.br\/politicas\/\",\"name\":\"Policies\",\"isPartOf\":{\"@id\":\"https:\/\/painelesg.rdsaude.com.br\/#website\"},\"datePublished\":\"2024-11-21T19:45:36+00:00\",\"dateModified\":\"2024-11-22T14:10:39+00:00\",\"breadcrumb\":{\"@id\":\"https:\/\/painelesg.rdsaude.com.br\/politicas\/#breadcrumb\"},\"inLanguage\":\"en-US\",\"potentialAction\":[{\"@type\":\"ReadAction\",\"target\":[\"https:\/\/painelesg.rdsaude.com.br\/politicas\/\"]}]},{\"@type\":\"BreadcrumbList\",\"@id\":\"https:\/\/painelesg.rdsaude.com.br\/politicas\/#breadcrumb\",\"itemListElement\":[{\"@type\":\"ListItem\",\"position\":1,\"name\":\"In\u00edcio\",\"item\":\"https:\/\/painelesg.rdsaude.com.br\/\"},{\"@type\":\"ListItem\",\"position\":2,\"name\":\"Pol\u00edticas\"}]},{\"@type\":\"WebSite\",\"@id\":\"https:\/\/painelesg.rdsaude.com.br\/#website\",\"url\":\"https:\/\/painelesg.rdsaude.com.br\/\",\"name\":\"Painel ESG da RD Sa\u00fade\",\"description\":\"Reunimos aqui todos os indicadores ESG (ambientais, sociais e de governan\u00e7a) da Companhia. Assim, oferecemos informa\u00e7\u00f5es atualizadas e divididas por tema, facilitando a busca por conte\u00fados espec\u00edficos.\",\"potentialAction\":[{\"@type\":\"SearchAction\",\"target\":{\"@type\":\"EntryPoint\",\"urlTemplate\":\"https:\/\/painelesg.rdsaude.com.br\/?s={search_term_string}\"},\"query-input\":{\"@type\":\"PropertyValueSpecification\",\"valueRequired\":true,\"valueName\":\"search_term_string\"}}],\"inLanguage\":\"en-US\"}]}<\/script>\n<!-- \/ Yoast SEO plugin. -->","yoast_head_json":{"title":"Policies - Painel ESG da RD Sa\u00fade","robots":{"index":"index","follow":"follow","max-snippet":"max-snippet:-1","max-image-preview":"max-image-preview:large","max-video-preview":"max-video-preview:-1"},"canonical":"https:\/\/painelesg.rdsaude.com.br\/en\/politicas\/","og_locale":"en_US","og_type":"article","og_title":"[:pt]Pol\u00edticas[:en]Policies[:] - Painel ESG da RD Sa\u00fade","og_description":"We base our relationships with all stakeholders on compliance with the norms and legislation applicable to our sector, always working ethically and transparently. Explore the policies that reinforce our commitment to sustainable development, ensuring that our business increasingly generates shared value for society. Learn about our Sustainability and Diversity, Suppliers, Ethics and Conduct, and Internal [&hellip;]","og_url":"https:\/\/painelesg.rdsaude.com.br\/en\/politicas\/","og_site_name":"Painel ESG da RD Sa\u00fade","article_modified_time":"2024-11-22T14:10:39+00:00","og_image":[{"width":1200,"height":800,"url":"https:\/\/painelesg.rdsaude.com.br\/wp-content\/uploads\/2024\/12\/banner-sasb1.jpg","type":"image\/jpeg"}],"twitter_card":"summary_large_image","twitter_misc":{"Est. reading time":"1 minute"},"schema":{"@context":"https:\/\/schema.org","@graph":[{"@type":"WebPage","@id":"https:\/\/painelesg.rdsaude.com.br\/politicas\/","url":"https:\/\/painelesg.rdsaude.com.br\/politicas\/","name":"Policies","isPartOf":{"@id":"https:\/\/painelesg.rdsaude.com.br\/#website"},"datePublished":"2024-11-21T19:45:36+00:00","dateModified":"2024-11-22T14:10:39+00:00","breadcrumb":{"@id":"https:\/\/painelesg.rdsaude.com.br\/politicas\/#breadcrumb"},"inLanguage":"en-US","potentialAction":[{"@type":"ReadAction","target":["https:\/\/painelesg.rdsaude.com.br\/politicas\/"]}]},{"@type":"BreadcrumbList","@id":"https:\/\/painelesg.rdsaude.com.br\/politicas\/#breadcrumb","itemListElement":[{"@type":"ListItem","position":1,"name":"In\u00edcio","item":"https:\/\/painelesg.rdsaude.com.br\/"},{"@type":"ListItem","position":2,"name":"Pol\u00edticas"}]},{"@type":"WebSite","@id":"https:\/\/painelesg.rdsaude.com.br\/#website","url":"https:\/\/painelesg.rdsaude.com.br\/","name":"Painel ESG da RD Sa\u00fade","description":"Reunimos aqui todos os indicadores ESG (ambientais, sociais e de governan\u00e7a) da Companhia. Assim, oferecemos informa\u00e7\u00f5es atualizadas e divididas por tema, facilitando a busca por conte\u00fados espec\u00edficos.","potentialAction":[{"@type":"SearchAction","target":{"@type":"EntryPoint","urlTemplate":"https:\/\/painelesg.rdsaude.com.br\/?s={search_term_string}"},"query-input":{"@type":"PropertyValueSpecification","valueRequired":true,"valueName":"search_term_string"}}],"inLanguage":"en-US"}]}},"_links":{"self":[{"href":"https:\/\/painelesg.rdsaude.com.br\/en\/wp-json\/wp\/v2\/pages\/1041","targetHints":{"allow":["GET"]}}],"collection":[{"href":"https:\/\/painelesg.rdsaude.com.br\/en\/wp-json\/wp\/v2\/pages"}],"about":[{"href":"https:\/\/painelesg.rdsaude.com.br\/en\/wp-json\/wp\/v2\/types\/page"}],"author":[{"embeddable":true,"href":"https:\/\/painelesg.rdsaude.com.br\/en\/wp-json\/wp\/v2\/users\/1"}],"replies":[{"embeddable":true,"href":"https:\/\/painelesg.rdsaude.com.br\/en\/wp-json\/wp\/v2\/comments?post=1041"}],"version-history":[{"count":10,"href":"https:\/\/painelesg.rdsaude.com.br\/en\/wp-json\/wp\/v2\/pages\/1041\/revisions"}],"predecessor-version":[{"id":1133,"href":"https:\/\/painelesg.rdsaude.com.br\/en\/wp-json\/wp\/v2\/pages\/1041\/revisions\/1133"}],"wp:attachment":[{"href":"https:\/\/painelesg.rdsaude.com.br\/en\/wp-json\/wp\/v2\/media?parent=1041"}],"curies":[{"name":"wp","href":"https:\/\/api.w.org\/{rel}","templated":true}]}}