{"id":18,"date":"2024-10-16T11:55:07","date_gmt":"2024-10-16T14:55:07","guid":{"rendered":"http:\/\/167.172.144.200\/?page_id=18"},"modified":"2025-08-28T09:18:04","modified_gmt":"2025-08-28T12:18:04","slug":"sasb","status":"publish","type":"page","link":"https:\/\/painelesg.rdsaude.com.br\/en\/sasb\/","title":{"rendered":"SASB"},"content":{"rendered":"\n<p>We integrate the Sustainability Accounting Standards Board (SASB) indicators for the pharmaceutical retail sector in our Annual and Sustainability Report and we have dedicated ourselves to providing increasingly complete and transparent information to our stakeholders. In this panel, we compile the main information for each indicator. <\/p>\n\n\n\n<p><a href=\"https:\/\/rdsaude.com.br\/relatorio-2023\/\">To view our latest full report, click here.<\/a><\/p>\n","protected":false},"excerpt":{"rendered":"<p>We integrate the Sustainability Accounting Standards Board (SASB) indicators for the pharmaceutical retail sector in our Annual and Sustainability Report and we have dedicated ourselves to providing increasingly complete and transparent information to our stakeholders. In this panel, we compile the main information for each indicator. To view our latest full report, click here.<\/p>\n","protected":false},"author":1,"featured_media":0,"parent":0,"menu_order":0,"comment_status":"closed","ping_status":"closed","template":"","meta":{"footnotes":""},"class_list":["post-18","page","type-page","status-publish","hentry"],"acf":[],"yoast_head":"<!-- This site is optimized with the Yoast SEO plugin v24.1 - https:\/\/yoast.com\/wordpress\/plugins\/seo\/ -->\n<title>SASB - Painel ESG da RD Sa\u00fade<\/title>\n<meta name=\"robots\" content=\"index, follow, max-snippet:-1, max-image-preview:large, max-video-preview:-1\" \/>\n<link rel=\"canonical\" href=\"https:\/\/painelesg.rdsaude.com.br\/en\/sasb\/\" \/>\n<meta property=\"og:locale\" content=\"en_US\" \/>\n<meta property=\"og:locale:alternate\" content=\"pt_BR\" \/>\n<meta property=\"og:type\" content=\"article\" \/>\n<meta property=\"og:title\" content=\"SASB\" \/>\n<meta property=\"og:description\" content=\"We integrate the Sustainability Accounting Standards Board (SASB) indicators for the pharmaceutical retail sector in our Annual and Sustainability Report and we have dedicated ourselves to providing increasingly complete and transparent information to our stakeholders. In this panel, we compile the main information for each indicator. To view our latest full report, click here.\" \/>\n<meta property=\"og:url\" content=\"https:\/\/painelesg.rdsaude.com.br\/en\/sasb\/\" \/>\n<meta property=\"og:site_name\" content=\"Painel ESG da RD Sa\u00fade\" \/>\n<meta property=\"article:modified_time\" content=\"2025-08-28T12:18:04+00:00\" \/>\n<meta property=\"og:image\" content=\"https:\/\/painelesg.rdsaude.com.br\/wp-content\/uploads\/2024\/12\/banner-sasb1.jpg\" \/>\n\t<meta property=\"og:image:width\" content=\"1200\" \/>\n\t<meta property=\"og:image:height\" content=\"800\" \/>\n\t<meta property=\"og:image:type\" content=\"image\/jpeg\" \/>\n<meta name=\"twitter:card\" content=\"summary_large_image\" \/>\n<meta name=\"twitter:label1\" content=\"Est. reading time\" \/>\n\t<meta name=\"twitter:data1\" content=\"1 minute\" \/>\n<script type=\"application\/ld+json\" class=\"yoast-schema-graph\">{\"@context\":\"https:\/\/schema.org\",\"@graph\":[{\"@type\":\"WebPage\",\"@id\":\"https:\/\/painelesg.rdsaude.com.br\/sasb\/\",\"url\":\"https:\/\/painelesg.rdsaude.com.br\/sasb\/\",\"name\":\"SASB\",\"isPartOf\":{\"@id\":\"https:\/\/painelesg.rdsaude.com.br\/#website\"},\"datePublished\":\"2024-10-16T14:55:07+00:00\",\"dateModified\":\"2025-08-28T12:18:04+00:00\",\"breadcrumb\":{\"@id\":\"https:\/\/painelesg.rdsaude.com.br\/sasb\/#breadcrumb\"},\"inLanguage\":\"en-US\",\"potentialAction\":[{\"@type\":\"ReadAction\",\"target\":[\"https:\/\/painelesg.rdsaude.com.br\/sasb\/\"]}]},{\"@type\":\"BreadcrumbList\",\"@id\":\"https:\/\/painelesg.rdsaude.com.br\/sasb\/#breadcrumb\",\"itemListElement\":[{\"@type\":\"ListItem\",\"position\":1,\"name\":\"In\u00edcio\",\"item\":\"https:\/\/painelesg.rdsaude.com.br\/\"},{\"@type\":\"ListItem\",\"position\":2,\"name\":\"SASB\"}]},{\"@type\":\"WebSite\",\"@id\":\"https:\/\/painelesg.rdsaude.com.br\/#website\",\"url\":\"https:\/\/painelesg.rdsaude.com.br\/\",\"name\":\"Painel ESG da RD Sa\u00fade\",\"description\":\"Reunimos aqui todos os indicadores ESG (ambientais, sociais e de governan\u00e7a) da Companhia. Assim, oferecemos informa\u00e7\u00f5es atualizadas e divididas por tema, facilitando a busca por conte\u00fados espec\u00edficos.\",\"potentialAction\":[{\"@type\":\"SearchAction\",\"target\":{\"@type\":\"EntryPoint\",\"urlTemplate\":\"https:\/\/painelesg.rdsaude.com.br\/?s={search_term_string}\"},\"query-input\":{\"@type\":\"PropertyValueSpecification\",\"valueRequired\":true,\"valueName\":\"search_term_string\"}}],\"inLanguage\":\"en-US\"}]}<\/script>\n<!-- \/ Yoast SEO plugin. -->","yoast_head_json":{"title":"SASB - Painel ESG da RD Sa\u00fade","robots":{"index":"index","follow":"follow","max-snippet":"max-snippet:-1","max-image-preview":"max-image-preview:large","max-video-preview":"max-video-preview:-1"},"canonical":"https:\/\/painelesg.rdsaude.com.br\/en\/sasb\/","og_locale":"en_US","og_type":"article","og_title":"[:pt]SASB[:] - Painel ESG da RD Sa\u00fade","og_description":"We integrate the Sustainability Accounting Standards Board (SASB) indicators for the pharmaceutical retail sector in our Annual and Sustainability Report and we have dedicated ourselves to providing increasingly complete and transparent information to our stakeholders. In this panel, we compile the main information for each indicator. To view our latest full report, click here.","og_url":"https:\/\/painelesg.rdsaude.com.br\/en\/sasb\/","og_site_name":"Painel ESG da RD Sa\u00fade","article_modified_time":"2025-08-28T12:18:04+00:00","og_image":[{"width":1200,"height":800,"url":"https:\/\/painelesg.rdsaude.com.br\/wp-content\/uploads\/2024\/12\/banner-sasb1.jpg","type":"image\/jpeg"}],"twitter_card":"summary_large_image","twitter_misc":{"Est. reading time":"1 minute"},"schema":{"@context":"https:\/\/schema.org","@graph":[{"@type":"WebPage","@id":"https:\/\/painelesg.rdsaude.com.br\/sasb\/","url":"https:\/\/painelesg.rdsaude.com.br\/sasb\/","name":"SASB","isPartOf":{"@id":"https:\/\/painelesg.rdsaude.com.br\/#website"},"datePublished":"2024-10-16T14:55:07+00:00","dateModified":"2025-08-28T12:18:04+00:00","breadcrumb":{"@id":"https:\/\/painelesg.rdsaude.com.br\/sasb\/#breadcrumb"},"inLanguage":"en-US","potentialAction":[{"@type":"ReadAction","target":["https:\/\/painelesg.rdsaude.com.br\/sasb\/"]}]},{"@type":"BreadcrumbList","@id":"https:\/\/painelesg.rdsaude.com.br\/sasb\/#breadcrumb","itemListElement":[{"@type":"ListItem","position":1,"name":"In\u00edcio","item":"https:\/\/painelesg.rdsaude.com.br\/"},{"@type":"ListItem","position":2,"name":"SASB"}]},{"@type":"WebSite","@id":"https:\/\/painelesg.rdsaude.com.br\/#website","url":"https:\/\/painelesg.rdsaude.com.br\/","name":"Painel ESG da RD Sa\u00fade","description":"Reunimos aqui todos os indicadores ESG (ambientais, sociais e de governan\u00e7a) da Companhia. Assim, oferecemos informa\u00e7\u00f5es atualizadas e divididas por tema, facilitando a busca por conte\u00fados espec\u00edficos.","potentialAction":[{"@type":"SearchAction","target":{"@type":"EntryPoint","urlTemplate":"https:\/\/painelesg.rdsaude.com.br\/?s={search_term_string}"},"query-input":{"@type":"PropertyValueSpecification","valueRequired":true,"valueName":"search_term_string"}}],"inLanguage":"en-US"}]}},"_links":{"self":[{"href":"https:\/\/painelesg.rdsaude.com.br\/en\/wp-json\/wp\/v2\/pages\/18","targetHints":{"allow":["GET"]}}],"collection":[{"href":"https:\/\/painelesg.rdsaude.com.br\/en\/wp-json\/wp\/v2\/pages"}],"about":[{"href":"https:\/\/painelesg.rdsaude.com.br\/en\/wp-json\/wp\/v2\/types\/page"}],"author":[{"embeddable":true,"href":"https:\/\/painelesg.rdsaude.com.br\/en\/wp-json\/wp\/v2\/users\/1"}],"replies":[{"embeddable":true,"href":"https:\/\/painelesg.rdsaude.com.br\/en\/wp-json\/wp\/v2\/comments?post=18"}],"version-history":[{"count":13,"href":"https:\/\/painelesg.rdsaude.com.br\/en\/wp-json\/wp\/v2\/pages\/18\/revisions"}],"predecessor-version":[{"id":4262,"href":"https:\/\/painelesg.rdsaude.com.br\/en\/wp-json\/wp\/v2\/pages\/18\/revisions\/4262"}],"wp:attachment":[{"href":"https:\/\/painelesg.rdsaude.com.br\/en\/wp-json\/wp\/v2\/media?parent=18"}],"curies":[{"name":"wp","href":"https:\/\/api.w.org\/{rel}","templated":true}]}}