{"id":22,"date":"2024-10-16T11:55:19","date_gmt":"2024-10-16T14:55:19","guid":{"rendered":"http:\/\/167.172.144.200\/?page_id=22"},"modified":"2025-08-28T12:11:19","modified_gmt":"2025-08-28T15:11:19","slug":"ratings","status":"publish","type":"page","link":"https:\/\/painelesg.rdsaude.com.br\/en\/ratings\/","title":{"rendered":"Ratings"},"content":{"rendered":"\n<p><br>Our commitment to sustainability and the soundness of our policies, practices, and results is continuously evaluated by the capital market, which includes institutions, economic agents, and legal instruments. We are proud to share that our efforts have been positively recognized, with notable advances in the main indices and ratings.<\/p>\n\n\n\n<figure class=\"wp-block-table\"><table class=\"has-fixed-layout\"><tbody><tr><td><strong>Ano<\/strong><\/td><td><strong>ISE<\/strong><\/td><td><strong>CDP<\/strong><\/td><td><strong>MSCI<\/strong><\/td><\/tr><tr><td>2022<\/td><td>Nota 76.0<\/td><td>Score B<\/td><td>BBB<\/td><\/tr><tr><td>2023<\/td><td>Nota 80.2<\/td><td>Score A-<\/td><td>A<\/td><\/tr><tr><td>2024<\/td><td>Nota 82.8<\/td><td>Score A-<\/td><td>A<\/td><\/tr><\/tbody><\/table><\/figure>\n\n\n\n<p><\/p>\n","protected":false},"excerpt":{"rendered":"<p>Our commitment to sustainability and the soundness of our policies, practices, and results is continuously evaluated by the capital market, which includes institutions, economic agents, and legal instruments. We are proud to share that our efforts have been positively recognized, with notable advances in the main indices and ratings. Ano ISE CDP MSCI 2022 Nota [&hellip;]<\/p>\n","protected":false},"author":1,"featured_media":0,"parent":0,"menu_order":0,"comment_status":"closed","ping_status":"closed","template":"","meta":{"footnotes":""},"class_list":["post-22","page","type-page","status-publish","hentry"],"acf":[],"yoast_head":"<!-- This site is optimized with the Yoast SEO plugin v24.1 - https:\/\/yoast.com\/wordpress\/plugins\/seo\/ -->\n<title>Ratings - Painel ESG da RD Sa\u00fade<\/title>\n<meta name=\"robots\" content=\"index, follow, max-snippet:-1, max-image-preview:large, max-video-preview:-1\" \/>\n<link rel=\"canonical\" href=\"https:\/\/painelesg.rdsaude.com.br\/en\/ratings\/\" \/>\n<meta property=\"og:locale\" content=\"en_US\" \/>\n<meta property=\"og:locale:alternate\" content=\"pt_BR\" \/>\n<meta property=\"og:type\" content=\"article\" \/>\n<meta property=\"og:title\" content=\"Ratings\" \/>\n<meta property=\"og:description\" content=\"Our commitment to sustainability and the soundness of our policies, practices, and results is continuously evaluated by the capital market, which includes institutions, economic agents, and legal instruments. We are proud to share that our efforts have been positively recognized, with notable advances in the main indices and ratings. Ano ISE CDP MSCI 2022 Nota [&hellip;]\" \/>\n<meta property=\"og:url\" content=\"https:\/\/painelesg.rdsaude.com.br\/en\/ratings\/\" \/>\n<meta property=\"og:site_name\" content=\"Painel ESG da RD Sa\u00fade\" \/>\n<meta property=\"article:modified_time\" content=\"2025-08-28T15:11:19+00:00\" \/>\n<meta property=\"og:image\" content=\"https:\/\/painelesg.rdsaude.com.br\/wp-content\/uploads\/2024\/12\/banner-sasb1.jpg\" \/>\n\t<meta property=\"og:image:width\" content=\"1200\" \/>\n\t<meta property=\"og:image:height\" content=\"800\" \/>\n\t<meta property=\"og:image:type\" content=\"image\/jpeg\" \/>\n<meta name=\"twitter:card\" content=\"summary_large_image\" \/>\n<meta name=\"twitter:label1\" content=\"Est. reading time\" \/>\n\t<meta name=\"twitter:data1\" content=\"1 minute\" \/>\n<script type=\"application\/ld+json\" class=\"yoast-schema-graph\">{\"@context\":\"https:\/\/schema.org\",\"@graph\":[{\"@type\":\"WebPage\",\"@id\":\"https:\/\/painelesg.rdsaude.com.br\/ratings\/\",\"url\":\"https:\/\/painelesg.rdsaude.com.br\/ratings\/\",\"name\":\"Ratings\",\"isPartOf\":{\"@id\":\"https:\/\/painelesg.rdsaude.com.br\/#website\"},\"datePublished\":\"2024-10-16T14:55:19+00:00\",\"dateModified\":\"2025-08-28T15:11:19+00:00\",\"breadcrumb\":{\"@id\":\"https:\/\/painelesg.rdsaude.com.br\/ratings\/#breadcrumb\"},\"inLanguage\":\"en-US\",\"potentialAction\":[{\"@type\":\"ReadAction\",\"target\":[\"https:\/\/painelesg.rdsaude.com.br\/ratings\/\"]}]},{\"@type\":\"BreadcrumbList\",\"@id\":\"https:\/\/painelesg.rdsaude.com.br\/ratings\/#breadcrumb\",\"itemListElement\":[{\"@type\":\"ListItem\",\"position\":1,\"name\":\"In\u00edcio\",\"item\":\"https:\/\/painelesg.rdsaude.com.br\/\"},{\"@type\":\"ListItem\",\"position\":2,\"name\":\"Ratings\"}]},{\"@type\":\"WebSite\",\"@id\":\"https:\/\/painelesg.rdsaude.com.br\/#website\",\"url\":\"https:\/\/painelesg.rdsaude.com.br\/\",\"name\":\"Painel ESG da RD Sa\u00fade\",\"description\":\"Reunimos aqui todos os indicadores ESG (ambientais, sociais e de governan\u00e7a) da Companhia. Assim, oferecemos informa\u00e7\u00f5es atualizadas e divididas por tema, facilitando a busca por conte\u00fados espec\u00edficos.\",\"potentialAction\":[{\"@type\":\"SearchAction\",\"target\":{\"@type\":\"EntryPoint\",\"urlTemplate\":\"https:\/\/painelesg.rdsaude.com.br\/?s={search_term_string}\"},\"query-input\":{\"@type\":\"PropertyValueSpecification\",\"valueRequired\":true,\"valueName\":\"search_term_string\"}}],\"inLanguage\":\"en-US\"}]}<\/script>\n<!-- \/ Yoast SEO plugin. -->","yoast_head_json":{"title":"Ratings - Painel ESG da RD Sa\u00fade","robots":{"index":"index","follow":"follow","max-snippet":"max-snippet:-1","max-image-preview":"max-image-preview:large","max-video-preview":"max-video-preview:-1"},"canonical":"https:\/\/painelesg.rdsaude.com.br\/en\/ratings\/","og_locale":"en_US","og_type":"article","og_title":"[:pt]Ratings[:] - Painel ESG da RD Sa\u00fade","og_description":"Our commitment to sustainability and the soundness of our policies, practices, and results is continuously evaluated by the capital market, which includes institutions, economic agents, and legal instruments. We are proud to share that our efforts have been positively recognized, with notable advances in the main indices and ratings. Ano ISE CDP MSCI 2022 Nota [&hellip;]","og_url":"https:\/\/painelesg.rdsaude.com.br\/en\/ratings\/","og_site_name":"Painel ESG da RD Sa\u00fade","article_modified_time":"2025-08-28T15:11:19+00:00","og_image":[{"width":1200,"height":800,"url":"https:\/\/painelesg.rdsaude.com.br\/wp-content\/uploads\/2024\/12\/banner-sasb1.jpg","type":"image\/jpeg"}],"twitter_card":"summary_large_image","twitter_misc":{"Est. reading time":"1 minute"},"schema":{"@context":"https:\/\/schema.org","@graph":[{"@type":"WebPage","@id":"https:\/\/painelesg.rdsaude.com.br\/ratings\/","url":"https:\/\/painelesg.rdsaude.com.br\/ratings\/","name":"Ratings","isPartOf":{"@id":"https:\/\/painelesg.rdsaude.com.br\/#website"},"datePublished":"2024-10-16T14:55:19+00:00","dateModified":"2025-08-28T15:11:19+00:00","breadcrumb":{"@id":"https:\/\/painelesg.rdsaude.com.br\/ratings\/#breadcrumb"},"inLanguage":"en-US","potentialAction":[{"@type":"ReadAction","target":["https:\/\/painelesg.rdsaude.com.br\/ratings\/"]}]},{"@type":"BreadcrumbList","@id":"https:\/\/painelesg.rdsaude.com.br\/ratings\/#breadcrumb","itemListElement":[{"@type":"ListItem","position":1,"name":"In\u00edcio","item":"https:\/\/painelesg.rdsaude.com.br\/"},{"@type":"ListItem","position":2,"name":"Ratings"}]},{"@type":"WebSite","@id":"https:\/\/painelesg.rdsaude.com.br\/#website","url":"https:\/\/painelesg.rdsaude.com.br\/","name":"Painel ESG da RD Sa\u00fade","description":"Reunimos aqui todos os indicadores ESG (ambientais, sociais e de governan\u00e7a) da Companhia. Assim, oferecemos informa\u00e7\u00f5es atualizadas e divididas por tema, facilitando a busca por conte\u00fados espec\u00edficos.","potentialAction":[{"@type":"SearchAction","target":{"@type":"EntryPoint","urlTemplate":"https:\/\/painelesg.rdsaude.com.br\/?s={search_term_string}"},"query-input":{"@type":"PropertyValueSpecification","valueRequired":true,"valueName":"search_term_string"}}],"inLanguage":"en-US"}]}},"_links":{"self":[{"href":"https:\/\/painelesg.rdsaude.com.br\/en\/wp-json\/wp\/v2\/pages\/22","targetHints":{"allow":["GET"]}}],"collection":[{"href":"https:\/\/painelesg.rdsaude.com.br\/en\/wp-json\/wp\/v2\/pages"}],"about":[{"href":"https:\/\/painelesg.rdsaude.com.br\/en\/wp-json\/wp\/v2\/types\/page"}],"author":[{"embeddable":true,"href":"https:\/\/painelesg.rdsaude.com.br\/en\/wp-json\/wp\/v2\/users\/1"}],"replies":[{"embeddable":true,"href":"https:\/\/painelesg.rdsaude.com.br\/en\/wp-json\/wp\/v2\/comments?post=22"}],"version-history":[{"count":26,"href":"https:\/\/painelesg.rdsaude.com.br\/en\/wp-json\/wp\/v2\/pages\/22\/revisions"}],"predecessor-version":[{"id":4329,"href":"https:\/\/painelesg.rdsaude.com.br\/en\/wp-json\/wp\/v2\/pages\/22\/revisions\/4329"}],"wp:attachment":[{"href":"https:\/\/painelesg.rdsaude.com.br\/en\/wp-json\/wp\/v2\/media?parent=22"}],"curies":[{"name":"wp","href":"https:\/\/api.w.org\/{rel}","templated":true}]}}