{"id":34,"date":"2024-10-16T17:26:15","date_gmt":"2024-10-16T20:26:15","guid":{"rendered":"http:\/\/167.172.144.200\/?page_id=34"},"modified":"2025-02-14T10:44:15","modified_gmt":"2025-02-14T13:44:15","slug":"home","status":"publish","type":"page","link":"https:\/\/painelesg.rdsaude.com.br\/en\/","title":{"rendered":"Home"},"content":{"rendered":"\n<h2 class=\"wp-block-heading\">Welcome to RD Sa\u00fade&#8217;s ESG Portal.<\/h2>\n\n\n\n<p>Here, we have gathered all the company&#8217;s ESG (Environmental, Social, and Governance) indicators. This way, we provide updated information organized by theme, making it easier to find specific content.<\/p>\n","protected":false},"excerpt":{"rendered":"<p>Welcome to RD Sa\u00fade&#8217;s ESG Portal. Here, we have gathered all the company&#8217;s ESG (Environmental, Social, and Governance) indicators. This way, we provide updated information organized by theme, making it easier to find specific content.<\/p>\n","protected":false},"author":1,"featured_media":1263,"parent":0,"menu_order":0,"comment_status":"closed","ping_status":"closed","template":"","meta":{"footnotes":""},"class_list":["post-34","page","type-page","status-publish","has-post-thumbnail","hentry"],"acf":[],"yoast_head":"<!-- This site is optimized with the Yoast SEO plugin v24.1 - https:\/\/yoast.com\/wordpress\/plugins\/seo\/ -->\n<title>Painel ESG da RD Sa\u00fade<\/title>\n<meta name=\"description\" content=\"Reunimos aqui todos os indicadores ESG (ambientais, sociais e de governan\u00e7a) da Companhia. Assim, oferecemos informa\u00e7\u00f5es atualizadas e divididas por tema, facilitando a busca por conte\u00fados espec\u00edficos.\" \/>\n<meta name=\"robots\" content=\"index, follow, max-snippet:-1, max-image-preview:large, max-video-preview:-1\" \/>\n<link rel=\"canonical\" href=\"https:\/\/painelesg.rdsaude.com.br\/en\/\" \/>\n<meta property=\"og:locale\" content=\"en_US\" \/>\n<meta property=\"og:locale:alternate\" content=\"pt_BR\" \/>\n<meta property=\"og:type\" content=\"article\" \/>\n<meta property=\"og:title\" content=\"Painel ESG da RD Sa\u00fade\" \/>\n<meta property=\"og:description\" content=\"Reunimos aqui todos os indicadores ESG (ambientais, sociais e de governan\u00e7a) da Companhia. Assim, oferecemos informa\u00e7\u00f5es atualizadas e divididas por tema, facilitando a busca por conte\u00fados espec\u00edficos.\" \/>\n<meta property=\"og:url\" content=\"https:\/\/painelesg.rdsaude.com.br\/en\/\" \/>\n<meta property=\"og:site_name\" content=\"Painel ESG da RD Sa\u00fade\" \/>\n<meta property=\"article:modified_time\" content=\"2025-02-14T13:44:15+00:00\" \/>\n<meta property=\"og:image\" content=\"https:\/\/painelesg.rdsaude.com.br\/wp-content\/uploads\/2024\/12\/banner-sasb1.jpg\" \/>\n\t<meta property=\"og:image:width\" content=\"1200\" \/>\n\t<meta property=\"og:image:height\" content=\"800\" \/>\n\t<meta property=\"og:image:type\" content=\"image\/jpeg\" \/>\n<meta name=\"twitter:card\" content=\"summary_large_image\" \/>\n<meta name=\"twitter:label1\" content=\"Est. reading time\" \/>\n\t<meta name=\"twitter:data1\" content=\"1 minute\" \/>\n<script type=\"application\/ld+json\" class=\"yoast-schema-graph\">{\"@context\":\"https:\/\/schema.org\",\"@graph\":[{\"@type\":\"WebPage\",\"@id\":\"https:\/\/painelesg.rdsaude.com.br\/\",\"url\":\"https:\/\/painelesg.rdsaude.com.br\/\",\"name\":\"Painel ESG da RD Sa\u00fade\",\"isPartOf\":{\"@id\":\"https:\/\/painelesg.rdsaude.com.br\/#website\"},\"primaryImageOfPage\":{\"@id\":\"https:\/\/painelesg.rdsaude.com.br\/#primaryimage\"},\"image\":{\"@id\":\"https:\/\/painelesg.rdsaude.com.br\/#primaryimage\"},\"thumbnailUrl\":\"https:\/\/painelesg.rdsaude.com.br\/wp-content\/uploads\/2024\/12\/banner-sasb1.jpg\",\"datePublished\":\"2024-10-16T20:26:15+00:00\",\"dateModified\":\"2025-02-14T13:44:15+00:00\",\"description\":\"Reunimos aqui todos os indicadores ESG (ambientais, sociais e de governan\u00e7a) da Companhia. Assim, oferecemos informa\u00e7\u00f5es atualizadas e divididas por tema, facilitando a busca por conte\u00fados espec\u00edficos.\",\"breadcrumb\":{\"@id\":\"https:\/\/painelesg.rdsaude.com.br\/#breadcrumb\"},\"inLanguage\":\"en-US\",\"potentialAction\":[{\"@type\":\"ReadAction\",\"target\":[\"https:\/\/painelesg.rdsaude.com.br\/\"]}]},{\"@type\":\"ImageObject\",\"inLanguage\":\"en-US\",\"@id\":\"https:\/\/painelesg.rdsaude.com.br\/#primaryimage\",\"url\":\"https:\/\/painelesg.rdsaude.com.br\/wp-content\/uploads\/2024\/12\/banner-sasb1.jpg\",\"contentUrl\":\"https:\/\/painelesg.rdsaude.com.br\/wp-content\/uploads\/2024\/12\/banner-sasb1.jpg\",\"width\":1200,\"height\":800},{\"@type\":\"BreadcrumbList\",\"@id\":\"https:\/\/painelesg.rdsaude.com.br\/#breadcrumb\",\"itemListElement\":[{\"@type\":\"ListItem\",\"position\":1,\"name\":\"In\u00edcio\",\"item\":\"https:\/\/painelesg.rdsaude.com.br\/\"},{\"@type\":\"ListItem\",\"position\":2,\"name\":\"Home\"}]},{\"@type\":\"WebSite\",\"@id\":\"https:\/\/painelesg.rdsaude.com.br\/#website\",\"url\":\"https:\/\/painelesg.rdsaude.com.br\/\",\"name\":\"Painel ESG da RD Sa\u00fade\",\"description\":\"Reunimos aqui todos os indicadores ESG (ambientais, sociais e de governan\u00e7a) da Companhia. Assim, oferecemos informa\u00e7\u00f5es atualizadas e divididas por tema, facilitando a busca por conte\u00fados espec\u00edficos.\",\"potentialAction\":[{\"@type\":\"SearchAction\",\"target\":{\"@type\":\"EntryPoint\",\"urlTemplate\":\"https:\/\/painelesg.rdsaude.com.br\/?s={search_term_string}\"},\"query-input\":{\"@type\":\"PropertyValueSpecification\",\"valueRequired\":true,\"valueName\":\"search_term_string\"}}],\"inLanguage\":\"en-US\"}]}<\/script>\n<!-- \/ Yoast SEO plugin. -->","yoast_head_json":{"title":"Painel ESG da RD Sa\u00fade","description":"Reunimos aqui todos os indicadores ESG (ambientais, sociais e de governan\u00e7a) da Companhia. Assim, oferecemos informa\u00e7\u00f5es atualizadas e divididas por tema, facilitando a busca por conte\u00fados espec\u00edficos.","robots":{"index":"index","follow":"follow","max-snippet":"max-snippet:-1","max-image-preview":"max-image-preview:large","max-video-preview":"max-video-preview:-1"},"canonical":"https:\/\/painelesg.rdsaude.com.br\/en\/","og_locale":"en_US","og_type":"article","og_title":"[:pt]Painel ESG da RD Sa\u00fade[:]","og_description":"[:pt]Reunimos aqui todos os indicadores ESG (ambientais, sociais e de governan\u00e7a) da Companhia. Assim, oferecemos informa\u00e7\u00f5es atualizadas e divididas por tema, facilitando a busca por conte\u00fados espec\u00edficos.[:]","og_url":"https:\/\/painelesg.rdsaude.com.br\/en\/","og_site_name":"Painel ESG da RD Sa\u00fade","article_modified_time":"2025-02-14T13:44:15+00:00","og_image":[{"width":1200,"height":800,"url":"https:\/\/painelesg.rdsaude.com.br\/wp-content\/uploads\/2024\/12\/banner-sasb1.jpg","type":"image\/jpeg"}],"twitter_card":"summary_large_image","twitter_misc":{"Est. reading time":"1 minute"},"schema":{"@context":"https:\/\/schema.org","@graph":[{"@type":"WebPage","@id":"https:\/\/painelesg.rdsaude.com.br\/","url":"https:\/\/painelesg.rdsaude.com.br\/","name":"Painel ESG da RD Sa\u00fade","isPartOf":{"@id":"https:\/\/painelesg.rdsaude.com.br\/#website"},"primaryImageOfPage":{"@id":"https:\/\/painelesg.rdsaude.com.br\/#primaryimage"},"image":{"@id":"https:\/\/painelesg.rdsaude.com.br\/#primaryimage"},"thumbnailUrl":"https:\/\/painelesg.rdsaude.com.br\/wp-content\/uploads\/2024\/12\/banner-sasb1.jpg","datePublished":"2024-10-16T20:26:15+00:00","dateModified":"2025-02-14T13:44:15+00:00","description":"Reunimos aqui todos os indicadores ESG (ambientais, sociais e de governan\u00e7a) da Companhia. Assim, oferecemos informa\u00e7\u00f5es atualizadas e divididas por tema, facilitando a busca por conte\u00fados espec\u00edficos.","breadcrumb":{"@id":"https:\/\/painelesg.rdsaude.com.br\/#breadcrumb"},"inLanguage":"en-US","potentialAction":[{"@type":"ReadAction","target":["https:\/\/painelesg.rdsaude.com.br\/"]}]},{"@type":"ImageObject","inLanguage":"en-US","@id":"https:\/\/painelesg.rdsaude.com.br\/#primaryimage","url":"https:\/\/painelesg.rdsaude.com.br\/wp-content\/uploads\/2024\/12\/banner-sasb1.jpg","contentUrl":"https:\/\/painelesg.rdsaude.com.br\/wp-content\/uploads\/2024\/12\/banner-sasb1.jpg","width":1200,"height":800},{"@type":"BreadcrumbList","@id":"https:\/\/painelesg.rdsaude.com.br\/#breadcrumb","itemListElement":[{"@type":"ListItem","position":1,"name":"In\u00edcio","item":"https:\/\/painelesg.rdsaude.com.br\/"},{"@type":"ListItem","position":2,"name":"Home"}]},{"@type":"WebSite","@id":"https:\/\/painelesg.rdsaude.com.br\/#website","url":"https:\/\/painelesg.rdsaude.com.br\/","name":"Painel ESG da RD Sa\u00fade","description":"Reunimos aqui todos os indicadores ESG (ambientais, sociais e de governan\u00e7a) da Companhia. Assim, oferecemos informa\u00e7\u00f5es atualizadas e divididas por tema, facilitando a busca por conte\u00fados espec\u00edficos.","potentialAction":[{"@type":"SearchAction","target":{"@type":"EntryPoint","urlTemplate":"https:\/\/painelesg.rdsaude.com.br\/?s={search_term_string}"},"query-input":{"@type":"PropertyValueSpecification","valueRequired":true,"valueName":"search_term_string"}}],"inLanguage":"en-US"}]}},"_links":{"self":[{"href":"https:\/\/painelesg.rdsaude.com.br\/en\/wp-json\/wp\/v2\/pages\/34","targetHints":{"allow":["GET"]}}],"collection":[{"href":"https:\/\/painelesg.rdsaude.com.br\/en\/wp-json\/wp\/v2\/pages"}],"about":[{"href":"https:\/\/painelesg.rdsaude.com.br\/en\/wp-json\/wp\/v2\/types\/page"}],"author":[{"embeddable":true,"href":"https:\/\/painelesg.rdsaude.com.br\/en\/wp-json\/wp\/v2\/users\/1"}],"replies":[{"embeddable":true,"href":"https:\/\/painelesg.rdsaude.com.br\/en\/wp-json\/wp\/v2\/comments?post=34"}],"version-history":[{"count":15,"href":"https:\/\/painelesg.rdsaude.com.br\/en\/wp-json\/wp\/v2\/pages\/34\/revisions"}],"predecessor-version":[{"id":4112,"href":"https:\/\/painelesg.rdsaude.com.br\/en\/wp-json\/wp\/v2\/pages\/34\/revisions\/4112"}],"wp:featuredmedia":[{"embeddable":true,"href":"https:\/\/painelesg.rdsaude.com.br\/en\/wp-json\/wp\/v2\/media\/1263"}],"wp:attachment":[{"href":"https:\/\/painelesg.rdsaude.com.br\/en\/wp-json\/wp\/v2\/media?parent=34"}],"curies":[{"name":"wp","href":"https:\/\/api.w.org\/{rel}","templated":true}]}}